{"id":3212,"date":"2025-03-27T07:04:55","date_gmt":"2025-03-27T06:04:55","guid":{"rendered":"https:\/\/donckers.be\/responsabilite-societale-des-entreprises\/"},"modified":"2025-05-07T05:01:37","modified_gmt":"2025-05-07T05:01:37","slug":"responsabilite-societale-des-entreprises","status":"publish","type":"page","link":"https:\/\/donckers.be\/fr\/responsabilite-societale-des-entreprises\/","title":{"rendered":"Responsabilit\u00e9 soci\u00e9tale des entreprises"},"content":{"rendered":"\t\t<div data-elementor-type=\"wp-page\" data-elementor-id=\"3212\" class=\"elementor elementor-3212 elementor-1270\" data-elementor-post-type=\"page\">\n\t\t\t\t<div class=\"elementor-element elementor-element-d8b9913 e-con-full e-flex e-con e-parent\" data-id=\"d8b9913\" data-element_type=\"container\" data-e-type=\"container\">\n\t\t\t\t<div class=\"elementor-element elementor-element-1787477 elementor-widget elementor-widget-template\" data-id=\"1787477\" data-element_type=\"widget\" data-e-type=\"widget\" data-widget_type=\"template.default\">\n\t\t\t\t<div class=\"elementor-widget-container\">\n\t\t\t\t\t\t\t<div class=\"elementor-template\">\n\t\t\t\t\t<div data-elementor-type=\"container\" data-elementor-id=\"530\" class=\"elementor elementor-530\" data-elementor-post-type=\"elementor_library\">\n\t\t\t\t<div class=\"elementor-element elementor-element-66d61a0a e-flex e-con-boxed e-con e-parent\" data-id=\"66d61a0a\" data-element_type=\"container\" data-e-type=\"container\">\n\t\t\t\t\t<div class=\"e-con-inner\">\n\t\t<div class=\"elementor-element elementor-element-400725b4 e-con-full e-flex e-con e-child\" data-id=\"400725b4\" data-element_type=\"container\" data-e-type=\"container\">\n\t\t\t\t<div class=\"elementor-element elementor-element-27b29c3b elementor-widget elementor-widget-breadcrumbs\" data-id=\"27b29c3b\" data-element_type=\"widget\" data-e-type=\"widget\" data-widget_type=\"breadcrumbs.default\">\n\t\t\t\t\t<p id=\"breadcrumbs\"><span><span><a href=\"https:\/\/donckers.be\/fr\/\">Home<\/a><\/span><\/span><\/p>\t\t\t\t<\/div>\n\t\t\t\t<\/div>\n\t\t\t\t\t<\/div>\n\t\t\t\t<\/div>\n\t\t\t\t<\/div>\n\t\t\t\t<\/div>\n\t\t\t\t\t\t<\/div>\n\t\t\t\t<\/div>\n\t\t\t\t<\/div>\n\t\t<div class=\"elementor-element elementor-element-69e9e54 e-flex e-con-boxed e-con e-parent\" data-id=\"69e9e54\" data-element_type=\"container\" data-e-type=\"container\">\n\t\t\t\t\t<div class=\"e-con-inner\">\n\t\t<div class=\"elementor-element elementor-element-cb4bac5 e-con-full e-flex e-con e-child\" data-id=\"cb4bac5\" data-element_type=\"container\" data-e-type=\"container\">\n\t\t\t\t<div class=\"elementor-element elementor-element-117a853 elementor-widget elementor-widget-heading\" data-id=\"117a853\" data-element_type=\"widget\" data-e-type=\"widget\" data-widget_type=\"heading.default\">\n\t\t\t\t\t<h2 class=\"elementor-heading-title elementor-size-default\">Entreprendre de fa\u00e7on durable et socialement responsable<\/h2>\t\t\t\t<\/div>\n\t\t\t\t<div class=\"elementor-element elementor-element-1c672df elementor-widget elementor-widget-text-editor\" data-id=\"1c672df\" data-element_type=\"widget\" data-e-type=\"widget\" data-widget_type=\"text-editor.default\">\n\t\t\t\t\t\t\t\t\t<p>Que veut dire \u2018entreprendre de fa\u00e7on durable\u2019 pour Donckers sa? Entreprendre de fa\u00e7on durable signifie que nous agissons sans hypoth\u00e9quer l\u2019avenir de notre soci\u00e9t\u00e9 et son environnement.<\/p>\n<p><strong>Pour cela nous agissons respectant l\u2019\u00catre Humain, la Soci\u00e9t\u00e9 en l\u2019Environnement. Ainsi Donckers sa veut faire la diff\u00e9rence pour les prochaines g\u00e9n\u00e9rations.<\/strong><\/p>\n<p>Voyez les mesures prises par Donckers sa afin de contribuer \u00e0 l\u2019environnement et la soci\u00e9t\u00e9.<\/p>\n\t\t\t\t\t\t\t\t<\/div>\n\t\t\t\t<div class=\"elementor-element elementor-element-6d02ad5 elementor-widget-divider--view-line elementor-widget elementor-widget-divider\" data-id=\"6d02ad5\" data-element_type=\"widget\" data-e-type=\"widget\" data-widget_type=\"divider.default\">\n\t\t\t\t\t\t\t<div class=\"elementor-divider\">\n\t\t\t<span class=\"elementor-divider-separator\">\n\t\t\t\t\t\t<\/span>\n\t\t<\/div>\n\t\t\t\t\t\t<\/div>\n\t\t\t\t<div class=\"elementor-element elementor-element-51ada60 elementor-widget elementor-widget-heading\" data-id=\"51ada60\" data-element_type=\"widget\" data-e-type=\"widget\" data-widget_type=\"heading.default\">\n\t\t\t\t\t<h3 class=\"elementor-heading-title elementor-size-default\">\u00caTRE HUMAIN<\/h3>\t\t\t\t<\/div>\n\t\t\t\t<div class=\"elementor-element elementor-element-c712d8e elementor-widget elementor-widget-text-editor\" data-id=\"c712d8e\" data-element_type=\"widget\" data-e-type=\"widget\" data-widget_type=\"text-editor.default\">\n\t\t\t\t\t\t\t\t\t<p>Dans nos relations commerciales avec nos clients, fournisseurs, partenaires ou entrepreneur \u2013 tant local qu\u2019intenational , \u00a0nous nous effor\u00e7ons d\u2019y mettre nos valeurs ci-dessus. Collaborer signifie pour Donckers sa, \u00a0le pas le plus important vers une \u00e9volution durable.<\/p>\n<p>Donckers sa cr\u00e9e un lieu de travail s\u00fbr dans lequel une progression humaine est stimul\u00e9e et o\u00f9 le bien-\u00eatre de chacun est pr\u00e9serv\u00e9. Pour cela Donckers sa mise maximalement sur des trainings r\u00e9guliers et une politique de s\u00e9curite s\u00e9v\u00e8re.<\/p>\n<p>Par nature et les diff\u00e9rentes localisations de nos activit\u00e9s, Donckers sa entre en contact avec diff\u00e9rentes cultures et communaut\u00e9s.<\/p>\n<p><strong>Cela signifie que Donckers sa s\u2019engage \u00e0 f<\/strong><strong>aire preuve d\u2019un comportement responsable<\/strong>\u00a0<strong>et de\u00a0<\/strong><strong>cr\u00e9er des liens positifs avec les communaut\u00e9s qui nous entourent.<\/strong><\/p>\n\t\t\t\t\t\t\t\t<\/div>\n\t\t\t\t<div class=\"elementor-element elementor-element-c4080e5 elementor-widget elementor-widget-heading\" data-id=\"c4080e5\" data-element_type=\"widget\" data-e-type=\"widget\" data-widget_type=\"heading.default\">\n\t\t\t\t\t<h3 class=\"elementor-heading-title elementor-size-default\">ENVIRONNEMENT<\/h3>\t\t\t\t<\/div>\n\t\t\t\t<div class=\"elementor-element elementor-element-fd9e31e elementor-widget elementor-widget-text-editor\" data-id=\"fd9e31e\" data-element_type=\"widget\" data-e-type=\"widget\" data-widget_type=\"text-editor.default\">\n\t\t\t\t\t\t\t\t\t<p>Le changement climatique est certainement le plus grand d\u00e9fi environnemental pour nous tous. Pour cette raison Donckers sa s\u2019engage pour un meilleur environnement chaque jour. Nous r\u00e9duisons consid\u00e9rablement notre consommation d\u2019\u00e9nergie gr\u00e2ce \u00e0 une gestion \u00e9nerg\u00e9tique stricte.<\/p>\n<p><strong>Ainsi Donckers sa\u00a0<\/strong><strong>fait tout son possible pour g\u00e9rer de mani\u00e8re responsable son impact sur l\u2019environnement.<\/strong><\/p>\n\t\t\t\t\t\t\t\t<\/div>\n\t\t\t\t<div class=\"elementor-element elementor-element-f1f4348 elementor-widget elementor-widget-heading\" data-id=\"f1f4348\" data-element_type=\"widget\" data-e-type=\"widget\" data-widget_type=\"heading.default\">\n\t\t\t\t\t<h3 class=\"elementor-heading-title elementor-size-default\">SOCIETE<\/h3>\t\t\t\t<\/div>\n\t\t\t\t<div class=\"elementor-element elementor-element-0c897ff elementor-widget elementor-widget-text-editor\" data-id=\"0c897ff\" data-element_type=\"widget\" data-e-type=\"widget\" data-widget_type=\"text-editor.default\">\n\t\t\t\t\t\t\t\t\t<p>Un des objectifs importants de Donckers sa est d\u2019\u00eatre un \u2018employeur pr\u00e9f\u00e9r\u00e9\u2019.<\/p>\n<p>Pour cette raison Donckers sa s\u2019engage \u00e0 d\u00e9velopper une strat\u00e9gie du personnel ou l\u2019\u00eatre humain puisse grandir et puisse r\u00e9aliser leur plein potentiel.<\/p>\n<p>Notre strat\u00e9gie du personnel couvre plusieurs domaines :<\/p>\n<ul>\n<li>recrutement et r\u00e9tention<\/li>\n<li>politique salariale conforme au march\u00e9<\/li>\n<li>gestion des personnes et leadership<\/li>\n<li>diversit\u00e9 et inclusion<\/li>\n<\/ul>\n<p>Donckers sa fait parti int\u00e9grante de la soci\u00e9t\u00e9 de tous les jours , vu que nous sommes en contact \u00e9troit avec les consommateurs, les producteurs, les organisations et les gouvernements. Donckers sa souhaite cr\u00e9er une valeur ajout\u00e9e pour tous ces liens.<\/p>\n<p>En entreprenant des affaires de mani\u00e8re durable, Donckers sa contribue \u00e0 un \u00a0d\u00e9veloppement \u00e9conomique significatif et \u00e0 une soci\u00e9t\u00e9 dans laquelle nous voulons tous vivre.<\/p>\n<p><strong>Donckers sa est synonyme de travail honn\u00eate et d\u2019exploitation commerciale durable<\/strong><strong>.<\/strong><\/p>\n\t\t\t\t\t\t\t\t<\/div>\n\t\t\t\t<\/div>\n\t\t\t\t\t<\/div>\n\t\t\t\t<\/div>\n\t\t\t\t<\/div>\n\t\t","protected":false},"excerpt":{"rendered":"<p>Entreprendre de fa\u00e7on durable et socialement responsable Que veut dire \u2018entreprendre de fa\u00e7on durable\u2019 pour Donckers sa? Entreprendre de fa\u00e7on durable signifie que nous agissons sans hypoth\u00e9quer l\u2019avenir de notre soci\u00e9t\u00e9 et son environnement. Pour cela nous agissons respectant l\u2019\u00catre Humain, la Soci\u00e9t\u00e9 en l\u2019Environnement. Ainsi Donckers sa veut faire la diff\u00e9rence pour les prochaines [&hellip;]<\/p>\n","protected":false},"author":1,"featured_media":0,"parent":0,"menu_order":0,"comment_status":"closed","ping_status":"closed","template":"","meta":{"footnotes":""},"class_list":["post-3212","page","type-page","status-publish","hentry"],"yoast_head":"<!-- This site is optimized with the Yoast SEO plugin v27.2 - https:\/\/yoast.com\/product\/yoast-seo-wordpress\/ -->\n<title>Responsabilit\u00e9 soci\u00e9tale des entreprises - Donckers<\/title>\n<meta name=\"robots\" content=\"index, follow, max-snippet:-1, max-image-preview:large, max-video-preview:-1\" \/>\n<link rel=\"canonical\" href=\"https:\/\/donckers.be\/fr\/responsabilite-societale-des-entreprises\/\" \/>\n<meta property=\"og:locale\" content=\"fr_FR\" \/>\n<meta property=\"og:type\" content=\"article\" \/>\n<meta property=\"og:title\" content=\"Responsabilit\u00e9 soci\u00e9tale des entreprises - Donckers\" \/>\n<meta property=\"og:description\" content=\"Entreprendre de fa\u00e7on durable et socialement responsable Que veut dire \u2018entreprendre de fa\u00e7on durable\u2019 pour Donckers sa? Entreprendre de fa\u00e7on durable signifie que nous agissons sans hypoth\u00e9quer l\u2019avenir de notre soci\u00e9t\u00e9 et son environnement. Pour cela nous agissons respectant l\u2019\u00catre Humain, la Soci\u00e9t\u00e9 en l\u2019Environnement. Ainsi Donckers sa veut faire la diff\u00e9rence pour les prochaines [&hellip;]\" \/>\n<meta property=\"og:url\" content=\"https:\/\/donckers.be\/fr\/responsabilite-societale-des-entreprises\/\" \/>\n<meta property=\"og:site_name\" content=\"Donckers\" \/>\n<meta property=\"article:publisher\" content=\"https:\/\/www.facebook.com\/donckers.be\/\" \/>\n<meta property=\"article:modified_time\" content=\"2025-05-07T05:01:37+00:00\" \/>\n<meta property=\"og:image\" content=\"https:\/\/donckers.be\/wp-content\/uploads\/2025\/03\/logo-donckers-donkere-achtergrond.png\" \/>\n\t<meta property=\"og:image:width\" content=\"640\" \/>\n\t<meta property=\"og:image:height\" content=\"128\" \/>\n\t<meta property=\"og:image:type\" content=\"image\/png\" \/>\n<meta name=\"twitter:card\" content=\"summary_large_image\" \/>\n<meta name=\"twitter:label1\" content=\"Dur\u00e9e de lecture est.\" \/>\n\t<meta name=\"twitter:data1\" content=\"2 minutes\" \/>\n<script type=\"application\/ld+json\" class=\"yoast-schema-graph\">{\"@context\":\"https:\/\/schema.org\",\"@graph\":[{\"@type\":\"WebPage\",\"@id\":\"https:\/\/donckers.be\/fr\/responsabilite-societale-des-entreprises\/\",\"url\":\"https:\/\/donckers.be\/fr\/responsabilite-societale-des-entreprises\/\",\"name\":\"Responsabilit\u00e9 soci\u00e9tale des entreprises - Donckers\",\"isPartOf\":{\"@id\":\"https:\/\/donckers.be\/fr\/#website\"},\"datePublished\":\"2025-03-27T06:04:55+00:00\",\"dateModified\":\"2025-05-07T05:01:37+00:00\",\"breadcrumb\":{\"@id\":\"https:\/\/donckers.be\/fr\/responsabilite-societale-des-entreprises\/#breadcrumb\"},\"inLanguage\":\"fr-BE\",\"potentialAction\":[{\"@type\":\"ReadAction\",\"target\":[\"https:\/\/donckers.be\/fr\/responsabilite-societale-des-entreprises\/\"]}]},{\"@type\":\"BreadcrumbList\",\"@id\":\"https:\/\/donckers.be\/fr\/responsabilite-societale-des-entreprises\/#breadcrumb\",\"itemListElement\":[{\"@type\":\"ListItem\",\"position\":1,\"name\":\"Home\",\"item\":\"https:\/\/donckers.be\/fr\/\"},{\"@type\":\"ListItem\",\"position\":2,\"name\":\"Responsabilit\u00e9 soci\u00e9tale des entreprises\"}]},{\"@type\":\"WebSite\",\"@id\":\"https:\/\/donckers.be\/fr\/#website\",\"url\":\"https:\/\/donckers.be\/fr\/\",\"name\":\"Donckers\",\"description\":\"\",\"publisher\":{\"@id\":\"https:\/\/donckers.be\/fr\/#organization\"},\"alternateName\":\"Bandencentrale Donckers\",\"potentialAction\":[{\"@type\":\"SearchAction\",\"target\":{\"@type\":\"EntryPoint\",\"urlTemplate\":\"https:\/\/donckers.be\/fr\/?s={search_term_string}\"},\"query-input\":{\"@type\":\"PropertyValueSpecification\",\"valueRequired\":true,\"valueName\":\"search_term_string\"}}],\"inLanguage\":\"fr-BE\"},{\"@type\":\"Organization\",\"@id\":\"https:\/\/donckers.be\/fr\/#organization\",\"name\":\"Donckers\",\"url\":\"https:\/\/donckers.be\/fr\/\",\"logo\":{\"@type\":\"ImageObject\",\"inLanguage\":\"fr-BE\",\"@id\":\"https:\/\/donckers.be\/fr\/#\/schema\/logo\/image\/\",\"url\":\"https:\/\/donckers.be\/wp-content\/uploads\/2025\/02\/Donckers-logo.png\",\"contentUrl\":\"https:\/\/donckers.be\/wp-content\/uploads\/2025\/02\/Donckers-logo.png\",\"width\":474,\"height\":138,\"caption\":\"Donckers\"},\"image\":{\"@id\":\"https:\/\/donckers.be\/fr\/#\/schema\/logo\/image\/\"},\"sameAs\":[\"https:\/\/www.facebook.com\/donckers.be\/\",\"https:\/\/www.instagram.com\/donckersnv\/\",\"https:\/\/be.linkedin.com\/company\/autobanden-donckers\"]}]}<\/script>\n<!-- \/ Yoast SEO plugin. -->","yoast_head_json":{"title":"Responsabilit\u00e9 soci\u00e9tale des entreprises - Donckers","robots":{"index":"index","follow":"follow","max-snippet":"max-snippet:-1","max-image-preview":"max-image-preview:large","max-video-preview":"max-video-preview:-1"},"canonical":"https:\/\/donckers.be\/fr\/responsabilite-societale-des-entreprises\/","og_locale":"fr_FR","og_type":"article","og_title":"Responsabilit\u00e9 soci\u00e9tale des entreprises - Donckers","og_description":"Entreprendre de fa\u00e7on durable et socialement responsable Que veut dire \u2018entreprendre de fa\u00e7on durable\u2019 pour Donckers sa? Entreprendre de fa\u00e7on durable signifie que nous agissons sans hypoth\u00e9quer l\u2019avenir de notre soci\u00e9t\u00e9 et son environnement. Pour cela nous agissons respectant l\u2019\u00catre Humain, la Soci\u00e9t\u00e9 en l\u2019Environnement. Ainsi Donckers sa veut faire la diff\u00e9rence pour les prochaines [&hellip;]","og_url":"https:\/\/donckers.be\/fr\/responsabilite-societale-des-entreprises\/","og_site_name":"Donckers","article_publisher":"https:\/\/www.facebook.com\/donckers.be\/","article_modified_time":"2025-05-07T05:01:37+00:00","og_image":[{"width":640,"height":128,"url":"https:\/\/donckers.be\/wp-content\/uploads\/2025\/03\/logo-donckers-donkere-achtergrond.png","type":"image\/png"}],"twitter_card":"summary_large_image","twitter_misc":{"Dur\u00e9e de lecture est.":"2 minutes"},"schema":{"@context":"https:\/\/schema.org","@graph":[{"@type":"WebPage","@id":"https:\/\/donckers.be\/fr\/responsabilite-societale-des-entreprises\/","url":"https:\/\/donckers.be\/fr\/responsabilite-societale-des-entreprises\/","name":"Responsabilit\u00e9 soci\u00e9tale des entreprises - Donckers","isPartOf":{"@id":"https:\/\/donckers.be\/fr\/#website"},"datePublished":"2025-03-27T06:04:55+00:00","dateModified":"2025-05-07T05:01:37+00:00","breadcrumb":{"@id":"https:\/\/donckers.be\/fr\/responsabilite-societale-des-entreprises\/#breadcrumb"},"inLanguage":"fr-BE","potentialAction":[{"@type":"ReadAction","target":["https:\/\/donckers.be\/fr\/responsabilite-societale-des-entreprises\/"]}]},{"@type":"BreadcrumbList","@id":"https:\/\/donckers.be\/fr\/responsabilite-societale-des-entreprises\/#breadcrumb","itemListElement":[{"@type":"ListItem","position":1,"name":"Home","item":"https:\/\/donckers.be\/fr\/"},{"@type":"ListItem","position":2,"name":"Responsabilit\u00e9 soci\u00e9tale des entreprises"}]},{"@type":"WebSite","@id":"https:\/\/donckers.be\/fr\/#website","url":"https:\/\/donckers.be\/fr\/","name":"Donckers","description":"","publisher":{"@id":"https:\/\/donckers.be\/fr\/#organization"},"alternateName":"Bandencentrale Donckers","potentialAction":[{"@type":"SearchAction","target":{"@type":"EntryPoint","urlTemplate":"https:\/\/donckers.be\/fr\/?s={search_term_string}"},"query-input":{"@type":"PropertyValueSpecification","valueRequired":true,"valueName":"search_term_string"}}],"inLanguage":"fr-BE"},{"@type":"Organization","@id":"https:\/\/donckers.be\/fr\/#organization","name":"Donckers","url":"https:\/\/donckers.be\/fr\/","logo":{"@type":"ImageObject","inLanguage":"fr-BE","@id":"https:\/\/donckers.be\/fr\/#\/schema\/logo\/image\/","url":"https:\/\/donckers.be\/wp-content\/uploads\/2025\/02\/Donckers-logo.png","contentUrl":"https:\/\/donckers.be\/wp-content\/uploads\/2025\/02\/Donckers-logo.png","width":474,"height":138,"caption":"Donckers"},"image":{"@id":"https:\/\/donckers.be\/fr\/#\/schema\/logo\/image\/"},"sameAs":["https:\/\/www.facebook.com\/donckers.be\/","https:\/\/www.instagram.com\/donckersnv\/","https:\/\/be.linkedin.com\/company\/autobanden-donckers"]}]}},"_links":{"self":[{"href":"https:\/\/donckers.be\/fr\/wp-json\/wp\/v2\/pages\/3212","targetHints":{"allow":["GET"]}}],"collection":[{"href":"https:\/\/donckers.be\/fr\/wp-json\/wp\/v2\/pages"}],"about":[{"href":"https:\/\/donckers.be\/fr\/wp-json\/wp\/v2\/types\/page"}],"author":[{"embeddable":true,"href":"https:\/\/donckers.be\/fr\/wp-json\/wp\/v2\/users\/1"}],"replies":[{"embeddable":true,"href":"https:\/\/donckers.be\/fr\/wp-json\/wp\/v2\/comments?post=3212"}],"version-history":[{"count":1,"href":"https:\/\/donckers.be\/fr\/wp-json\/wp\/v2\/pages\/3212\/revisions"}],"predecessor-version":[{"id":3213,"href":"https:\/\/donckers.be\/fr\/wp-json\/wp\/v2\/pages\/3212\/revisions\/3213"}],"wp:attachment":[{"href":"https:\/\/donckers.be\/fr\/wp-json\/wp\/v2\/media?parent=3212"}],"curies":[{"name":"wp","href":"https:\/\/api.w.org\/{rel}","templated":true}]}}