{"id":3214,"date":"2025-03-27T07:08:36","date_gmt":"2025-03-27T07:08:36","guid":{"rendered":"https:\/\/donckers.be\/mention-legale\/"},"modified":"2025-05-07T05:11:56","modified_gmt":"2025-05-07T05:11:56","slug":"mention-legale","status":"publish","type":"page","link":"https:\/\/donckers.be\/fr\/mention-legale\/","title":{"rendered":"Mention l\u00e9gale"},"content":{"rendered":"\t\t<div data-elementor-type=\"wp-page\" data-elementor-id=\"3214\" class=\"elementor elementor-3214 elementor-1277\" data-elementor-post-type=\"page\">\n\t\t\t\t<div class=\"elementor-element elementor-element-5db0ace e-con-full e-flex e-con e-parent\" data-id=\"5db0ace\" data-element_type=\"container\" data-e-type=\"container\">\n\t\t\t\t<div class=\"elementor-element elementor-element-eefa292 elementor-widget elementor-widget-template\" data-id=\"eefa292\" data-element_type=\"widget\" data-e-type=\"widget\" data-widget_type=\"template.default\">\n\t\t\t\t<div class=\"elementor-widget-container\">\n\t\t\t\t\t\t\t<div class=\"elementor-template\">\n\t\t\t\t\t<div data-elementor-type=\"container\" data-elementor-id=\"530\" class=\"elementor elementor-530\" data-elementor-post-type=\"elementor_library\">\n\t\t\t\t<div class=\"elementor-element elementor-element-66d61a0a e-flex e-con-boxed e-con e-parent\" data-id=\"66d61a0a\" data-element_type=\"container\" data-e-type=\"container\">\n\t\t\t\t\t<div class=\"e-con-inner\">\n\t\t<div class=\"elementor-element elementor-element-400725b4 e-con-full e-flex e-con e-child\" data-id=\"400725b4\" data-element_type=\"container\" data-e-type=\"container\">\n\t\t\t\t<div class=\"elementor-element elementor-element-27b29c3b elementor-widget elementor-widget-breadcrumbs\" data-id=\"27b29c3b\" data-element_type=\"widget\" data-e-type=\"widget\" data-widget_type=\"breadcrumbs.default\">\n\t\t\t\t\t<p id=\"breadcrumbs\"><span><span><a href=\"https:\/\/donckers.be\/fr\/\">Home<\/a><\/span><\/span><\/p>\t\t\t\t<\/div>\n\t\t\t\t<\/div>\n\t\t\t\t\t<\/div>\n\t\t\t\t<\/div>\n\t\t\t\t<\/div>\n\t\t\t\t<\/div>\n\t\t\t\t\t\t<\/div>\n\t\t\t\t<\/div>\n\t\t\t\t<\/div>\n\t\t<div class=\"elementor-element elementor-element-af4cdd0 e-flex e-con-boxed e-con e-parent\" data-id=\"af4cdd0\" data-element_type=\"container\" data-e-type=\"container\">\n\t\t\t\t\t<div class=\"e-con-inner\">\n\t\t<div class=\"elementor-element elementor-element-840b27d e-con-full e-flex e-con e-child\" data-id=\"840b27d\" data-element_type=\"container\" data-e-type=\"container\">\n\t\t\t\t<div class=\"elementor-element elementor-element-02f3b05 elementor-widget elementor-widget-heading\" data-id=\"02f3b05\" data-element_type=\"widget\" data-e-type=\"widget\" data-widget_type=\"heading.default\">\n\t\t\t\t\t<h2 class=\"elementor-heading-title elementor-size-default\">Mention l\u00e9gale \u2013 Responsabilit\u00e9<\/h2>\t\t\t\t<\/div>\n\t\t\t\t<div class=\"elementor-element elementor-element-8437460 elementor-widget elementor-widget-text-editor\" data-id=\"8437460\" data-element_type=\"widget\" data-e-type=\"widget\" data-widget_type=\"text-editor.default\">\n\t\t\t\t\t\t\t\t\t<p>L&rsquo;intention de Donckers N.V. est que les informations fournies sur ce site web soient actuelles et exactes. N\u00e9anmoins, ces informations, que Donckers N.V. met gratuitement \u00e0 votre disposition, peuvent, malgr\u00e9 tous les efforts, contenir des fautes de frappe, des erreurs techniques ou autres.<\/p>\n<p>Les informations peuvent \u00e9galement contenir des donn\u00e9es qui ne sont pas n\u00e9cessairement exhaustives, compl\u00e8tes, pr\u00e9cises ou \u00e0 jour. Ce site web n&rsquo;est donc rien de plus qu&rsquo;un outil, bien qu&rsquo;il soit particuli\u00e8rement pr\u00e9cieux.<br \/>Toutes les informations affich\u00e9es sur ce site web sont purement indicatives et Donckers N.V. attire votre attention sur le fait qu&rsquo;elle 1 ne peut en aucun cas et d&rsquo;aucune mani\u00e8re \u00eatre tenue responsable des dommages, de quelque nature que ce soit, d\u00e9coulant des donn\u00e9es qui vous sont fournies sur ce site web ou de leur caract\u00e8re incomplet, d\u00e9pass\u00e9 ou erron\u00e9.<\/p>\n<p>Les textes, la mise en page, les logos, les illustrations, les photos et autres \u00e9l\u00e9ments, ainsi que leur s\u00e9lection et leur conception, sont prot\u00e9g\u00e9s par le droit d&rsquo;auteur.<\/p>\n<p>Toute copie ou reproduction, communication publique, distribution, adaptation ou autre forme d&rsquo;utilisation ou d&rsquo;exploitation de tout ou partie de nos sites web, sous quelque forme et par quelque moyen que ce soit, est strictement interdite sans notre 2 autorisation \u00e9crite pr\u00e9alable.<\/p>\n<p>Les droits d&rsquo;auteur appartiennent \u00e0 Donckers N.V. Tous droits r\u00e9serv\u00e9s. Le site web contient des illustrations qui tombent express\u00e9ment sous le droit d&rsquo;auteur de clients, fournisseurs et partenaires.<\/p>\n\t\t\t\t\t\t\t\t<\/div>\n\t\t\t\t<div class=\"elementor-element elementor-element-27e4554 elementor-widget-divider--view-line elementor-widget elementor-widget-divider\" data-id=\"27e4554\" data-element_type=\"widget\" data-e-type=\"widget\" data-widget_type=\"divider.default\">\n\t\t\t\t\t\t\t<div class=\"elementor-divider\">\n\t\t\t<span class=\"elementor-divider-separator\">\n\t\t\t\t\t\t<\/span>\n\t\t<\/div>\n\t\t\t\t\t\t<\/div>\n\t\t\t\t<div class=\"elementor-element elementor-element-029e534 elementor-widget elementor-widget-heading\" data-id=\"029e534\" data-element_type=\"widget\" data-e-type=\"widget\" data-widget_type=\"heading.default\">\n\t\t\t\t\t<h3 class=\"elementor-heading-title elementor-size-default\">Politique de confidentialit\u00e9<\/h3>\t\t\t\t<\/div>\n\t\t\t\t<div class=\"elementor-element elementor-element-3853403 elementor-widget elementor-widget-text-editor\" data-id=\"3853403\" data-element_type=\"widget\" data-e-type=\"widget\" data-widget_type=\"text-editor.default\">\n\t\t\t\t\t\t\t\t\t<p>Donckers NV traite les donn\u00e9es personnelles conform\u00e9ment \u00e0 la d\u00e9claration de confidentialit\u00e9. Pour de plus amples informations, questions ou remarques concernant notre politique de confidentialit\u00e9, veuillez contacter <a href=\"mailto:info@donckers.be\">info@donckers.be<\/a>.<\/p>\n<p>La pr\u00e9sente d\u00e9claration de confidentialit\u00e9 d\u00e9crit les diverses mesures prises pour prot\u00e9ger votre vie priv\u00e9e lors de l&rsquo;utilisation de nos sites web et services\/produits, ainsi que les droits dont vous disposez \u00e0 cet \u00e9gard en tant qu&rsquo;utilisateur et client.<\/p>\n<p>Nous vous invitons donc \u00e0 lire attentivement cette d\u00e9claration de confidentialit\u00e9 et \u00e0 prendre connaissance de son contenu. Des modifications futures ne sont pas \u00e0 exclure. Nous vous prions d\u00e8s lors de consulter r\u00e9guli\u00e8rement cette d\u00e9claration de confidentialit\u00e9 afin de rester inform\u00e9(e) des \u00e9ventuelles modifications.<\/p>\n\t\t\t\t\t\t\t\t<\/div>\n\t\t\t\t<div class=\"elementor-element elementor-element-8b33e76 elementor-widget elementor-widget-heading\" data-id=\"8b33e76\" data-element_type=\"widget\" data-e-type=\"widget\" data-widget_type=\"heading.default\">\n\t\t\t\t\t<h4 class=\"elementor-heading-title elementor-size-default\">Finalit\u00e9s du traitement<\/h4>\t\t\t\t<\/div>\n\t\t\t\t<div class=\"elementor-element elementor-element-390c8d1 elementor-widget elementor-widget-text-editor\" data-id=\"390c8d1\" data-element_type=\"widget\" data-e-type=\"widget\" data-widget_type=\"text-editor.default\">\n\t\t\t\t\t\t\t\t\t<p>Donckers NV collecte et traite les donn\u00e9es personnelles de ses clients et fournisseurs pour la gestion de la client\u00e8le, des fournisseurs et des commandes (notamment l&rsquo;administration des clients, le suivi des commandes\/livraisons, la facturation, le suivi de la solvabilit\u00e9, le profilage et l&rsquo;envoi de marketing et de publicit\u00e9 personnalis\u00e9e).<\/p>\n\t\t\t\t\t\t\t\t<\/div>\n\t\t\t\t<div class=\"elementor-element elementor-element-59c8a1d elementor-widget elementor-widget-heading\" data-id=\"59c8a1d\" data-element_type=\"widget\" data-e-type=\"widget\" data-widget_type=\"heading.default\">\n\t\t\t\t\t<h4 class=\"elementor-heading-title elementor-size-default\">Consentement<\/h4>\t\t\t\t<\/div>\n\t\t\t\t<div class=\"elementor-element elementor-element-7803443 elementor-widget elementor-widget-text-editor\" data-id=\"7803443\" data-element_type=\"widget\" data-e-type=\"widget\" data-widget_type=\"text-editor.default\">\n\t\t\t\t\t\t\t\t\t<p>En utilisant nos sites web et services\/produits, propos\u00e9s par nous-m\u00eames ou par nos partenaires, vous acceptez que certaines donn\u00e9es personnelles soient collect\u00e9es et trait\u00e9es automatiquement conform\u00e9ment aux finalit\u00e9s d\u00e9crites ci-apr\u00e8s.<\/p>\n\t\t\t\t\t\t\t\t<\/div>\n\t\t\t\t<div class=\"elementor-element elementor-element-6ae2f6a elementor-widget elementor-widget-heading\" data-id=\"6ae2f6a\" data-element_type=\"widget\" data-e-type=\"widget\" data-widget_type=\"heading.default\">\n\t\t\t\t\t<h4 class=\"elementor-heading-title elementor-size-default\">Base(s) juridique(s) du traitement (\u00e0 supprimer ou \u00e0 mentionner selon le cas)<\/h4>\t\t\t\t<\/div>\n\t\t\t\t<div class=\"elementor-element elementor-element-c7403f8 elementor-widget elementor-widget-text-editor\" data-id=\"c7403f8\" data-element_type=\"widget\" data-e-type=\"widget\" data-widget_type=\"text-editor.default\">\n\t\t\t\t\t\t\t\t\t<p>Les donn\u00e9es personnelles sont trait\u00e9es sur la base du r\u00e8glement (UE) 2016\/679 du Parlement europ\u00e9en et du Conseil du 27 avril 2016 relatif \u00e0 la protection des personnes physiques \u00e0 l&rsquo;\u00e9gard du traitement des donn\u00e9es \u00e0 caract\u00e8re personnel et \u00e0 la libre circulation de ces donn\u00e9es, et abrogeant la directive 95\/46\/CE (r\u00e8glement g\u00e9n\u00e9ral sur la protection des donn\u00e9es). La personne concern\u00e9e devrait avoir le droit de faire rectifier les donn\u00e9es \u00e0 caract\u00e8re personnel la concernant et devrait disposer d&rsquo;un \u00ab\u00a0droit \u00e0 l&rsquo;oubli\u00a0\u00bb lorsque la conservation de telles donn\u00e9es enfreint le pr\u00e9sent r\u00e8glement ou le droit de l&rsquo;Union ou le droit des \u00c9tats membres applicable au responsable du traitement. Plus pr\u00e9cis\u00e9ment, les personnes concern\u00e9es devraient avoir le droit d&rsquo;obtenir l&rsquo;effacement de leurs donn\u00e9es \u00e0 caract\u00e8re personnel et de ne plus les voir trait\u00e9es lorsqu&rsquo;elles ne sont plus n\u00e9cessaires au regard des finalit\u00e9s pour lesquelles elles ont \u00e9t\u00e9 collect\u00e9es ou trait\u00e9es d&rsquo;une autre mani\u00e8re, lorsque les personnes concern\u00e9es ont retir\u00e9 leur consentement ou s&rsquo;opposent au traitement de leurs donn\u00e9es \u00e0 caract\u00e8re personnel, ou lorsque le traitement de leurs donn\u00e9es \u00e0 caract\u00e8re personnel n&rsquo;est pas conforme au pr\u00e9sent r\u00e8glement \u00e0 un autre titre.<\/p>\n\t\t\t\t\t\t\t\t<\/div>\n\t\t\t\t<div class=\"elementor-element elementor-element-3e200bf elementor-widget elementor-widget-heading\" data-id=\"3e200bf\" data-element_type=\"widget\" data-e-type=\"widget\" data-widget_type=\"heading.default\">\n\t\t\t\t\t<h4 class=\"elementor-heading-title elementor-size-default\">Transmission \u00e0 des tiers<\/h4>\t\t\t\t<\/div>\n\t\t\t\t<div class=\"elementor-element elementor-element-e0884e5 elementor-widget elementor-widget-text-editor\" data-id=\"e0884e5\" data-element_type=\"widget\" data-e-type=\"widget\" data-widget_type=\"text-editor.default\">\n\t\t\t\t\t\t\t\t\t<p>Si cela est n\u00e9cessaire \u00e0 la r\u00e9alisation des finalit\u00e9s pr\u00e9vues, les donn\u00e9es personnelles du client seront partag\u00e9es avec d&rsquo;autres soci\u00e9t\u00e9s (du groupe Donckers NV) au sein de l&rsquo;Espace \u00e9conomique europ\u00e9en qui sont directement ou indirectement li\u00e9es \u00e0 Donckers NV ou avec tout autre partenaire de Donckers NV ;<\/p>\n<p>Donckers NV garantit que ces destinataires prendront les mesures techniques et organisationnelles n\u00e9cessaires pour prot\u00e9ger les donn\u00e9es personnelles. Vos donn\u00e9es ne seront pas transmises \u00e0 des organisations situ\u00e9es dans des pays en dehors de l&rsquo;Union europ\u00e9enne.<\/p>\n\t\t\t\t\t\t\t\t<\/div>\n\t\t\t\t<div class=\"elementor-element elementor-element-fac8663 elementor-widget elementor-widget-heading\" data-id=\"fac8663\" data-element_type=\"widget\" data-e-type=\"widget\" data-widget_type=\"heading.default\">\n\t\t\t\t\t<h4 class=\"elementor-heading-title elementor-size-default\">P\u00e9riode de conservation<\/h4>\t\t\t\t<\/div>\n\t\t\t\t<div class=\"elementor-element elementor-element-7513b8d elementor-widget elementor-widget-text-editor\" data-id=\"7513b8d\" data-element_type=\"widget\" data-e-type=\"widget\" data-widget_type=\"text-editor.default\">\n\t\t\t\t\t\t\t\t\t<p>Les donn\u00e9es personnelles trait\u00e9es pour la gestion des clients et des fournisseurs seront conserv\u00e9es pendant la dur\u00e9e n\u00e9cessaire pour satisfaire aux exigences l\u00e9gales (notamment en mati\u00e8re de comptabilit\u00e9).<\/p>\n\t\t\t\t\t\t\t\t<\/div>\n\t\t\t\t<div class=\"elementor-element elementor-element-105de6d elementor-widget elementor-widget-heading\" data-id=\"105de6d\" data-element_type=\"widget\" data-e-type=\"widget\" data-widget_type=\"heading.default\">\n\t\t\t\t\t<h4 class=\"elementor-heading-title elementor-size-default\">Droit d'acc\u00e8s, de rectification, d'effacement, de limitation, d'opposition et de portabilit\u00e9 des donn\u00e9es personnelles<\/h4>\t\t\t\t<\/div>\n\t\t\t\t<div class=\"elementor-element elementor-element-f6f462e elementor-widget elementor-widget-text-editor\" data-id=\"f6f462e\" data-element_type=\"widget\" data-e-type=\"widget\" data-widget_type=\"text-editor.default\">\n\t\t\t\t\t\t\t\t\t<p>Le client a \u00e0 tout moment le droit de consulter ses donn\u00e9es personnelles et peut les (faire) rectifier si elles sont incorrectes ou incompl\u00e8tes, les faire supprimer, en limiter le traitement et s&rsquo;opposer au traitement des donn\u00e9es personnelles le concernant sur la base du r\u00e8glement (UE) 2016\/679 du Parlement europ\u00e9en.<\/p>\n<p>De plus, le client a le droit de recevoir une copie (sous une forme structur\u00e9e, couramment utilis\u00e9e et lisible par machine) de ses donn\u00e9es personnelles et de faire transmettre ces donn\u00e9es \u00e0 une autre soci\u00e9t\u00e9.<\/p>\n<p>Pour exercer les droits susmentionn\u00e9s, il est demand\u00e9 au client de :<\/p>\n<ul>\n<li>Adapter lui-m\u00eame les param\u00e8tres de son compte client ; et\/ou<\/li>\n<li>Envoyer un e-mail \u00e0 l&rsquo;adresse \u00e9lectronique suivante : <a href=\"mailto:info@donckers.be\">info@donckers.be<\/a> ;<\/li>\n<\/ul>\n\t\t\t\t\t\t\t\t<\/div>\n\t\t\t\t<div class=\"elementor-element elementor-element-4d9bf43 elementor-widget elementor-widget-heading\" data-id=\"4d9bf43\" data-element_type=\"widget\" data-e-type=\"widget\" data-widget_type=\"heading.default\">\n\t\t\t\t\t<h4 class=\"elementor-heading-title elementor-size-default\">Marketing direct<\/h4>\t\t\t\t<\/div>\n\t\t\t\t<div class=\"elementor-element elementor-element-feea5df elementor-widget elementor-widget-text-editor\" data-id=\"feea5df\" data-element_type=\"widget\" data-e-type=\"widget\" data-widget_type=\"text-editor.default\">\n\t\t\t\t\t\t\t\t\t<p>Le client a le droit de s&rsquo;opposer gratuitement \u00e0 tout traitement de ses donn\u00e9es personnelles \u00e0 des fins de marketing direct.<\/p>\n\t\t\t\t\t\t\t\t<\/div>\n\t\t\t\t<div class=\"elementor-element elementor-element-ed82901 elementor-widget elementor-widget-heading\" data-id=\"ed82901\" data-element_type=\"widget\" data-e-type=\"widget\" data-widget_type=\"heading.default\">\n\t\t\t\t\t<h4 class=\"elementor-heading-title elementor-size-default\">Plainte<\/h4>\t\t\t\t<\/div>\n\t\t\t\t<div class=\"elementor-element elementor-element-db565fc elementor-widget elementor-widget-text-editor\" data-id=\"db565fc\" data-element_type=\"widget\" data-e-type=\"widget\" data-widget_type=\"text-editor.default\">\n\t\t\t\t\t\t\t\t\t<p>Le client a la possibilit\u00e9 d&rsquo;informer Donckers NV d&rsquo;une incoh\u00e9rence dans ses donn\u00e9es personnelles ou leur gestion via le site web : <a href=\"https:\/\/donckers.be\/contact\/\">https:\/\/donckers.be\/contact\/<\/a>.<\/p>\n<p>Le client a le droit d&rsquo;introduire une r\u00e9clamation aupr\u00e8s de l&rsquo;Autorit\u00e9 de protection des donn\u00e9es (Rue de la Presse 35, 1000 Bruxelles \u2013 <a href=\"mailto:commission@privacycommission.be\">commission@privacycommission.be<\/a>).<\/p>\n\t\t\t\t\t\t\t\t<\/div>\n\t\t\t\t<\/div>\n\t\t\t\t\t<\/div>\n\t\t\t\t<\/div>\n\t\t\t\t<\/div>\n\t\t","protected":false},"excerpt":{"rendered":"<p>Mention l\u00e9gale \u2013 Responsabilit\u00e9 L&rsquo;intention de Donckers N.V. est que les informations fournies sur ce site web soient actuelles et exactes. N\u00e9anmoins, ces informations, que Donckers N.V. met gratuitement \u00e0 votre disposition, peuvent, malgr\u00e9 tous les efforts, contenir des fautes de frappe, des erreurs techniques ou autres. Les informations peuvent \u00e9galement contenir des donn\u00e9es qui [&hellip;]<\/p>\n","protected":false},"author":1,"featured_media":0,"parent":0,"menu_order":0,"comment_status":"closed","ping_status":"closed","template":"","meta":{"footnotes":""},"class_list":["post-3214","page","type-page","status-publish","hentry"],"yoast_head":"<!-- This site is optimized with the Yoast SEO plugin v27.2 - https:\/\/yoast.com\/product\/yoast-seo-wordpress\/ -->\n<title>Mention l\u00e9gale - Donckers<\/title>\n<meta name=\"robots\" content=\"index, follow, max-snippet:-1, max-image-preview:large, max-video-preview:-1\" \/>\n<link rel=\"canonical\" href=\"https:\/\/donckers.be\/fr\/mention-legale\/\" \/>\n<meta property=\"og:locale\" content=\"fr_FR\" \/>\n<meta property=\"og:type\" content=\"article\" \/>\n<meta property=\"og:title\" content=\"Mention l\u00e9gale - Donckers\" \/>\n<meta property=\"og:description\" content=\"Mention l\u00e9gale \u2013 Responsabilit\u00e9 L&rsquo;intention de Donckers N.V. est que les informations fournies sur ce site web soient actuelles et exactes. N\u00e9anmoins, ces informations, que Donckers N.V. met gratuitement \u00e0 votre disposition, peuvent, malgr\u00e9 tous les efforts, contenir des fautes de frappe, des erreurs techniques ou autres. Les informations peuvent \u00e9galement contenir des donn\u00e9es qui [&hellip;]\" \/>\n<meta property=\"og:url\" content=\"https:\/\/donckers.be\/fr\/mention-legale\/\" \/>\n<meta property=\"og:site_name\" content=\"Donckers\" \/>\n<meta property=\"article:publisher\" content=\"https:\/\/www.facebook.com\/donckers.be\/\" \/>\n<meta property=\"article:modified_time\" content=\"2025-05-07T05:11:56+00:00\" \/>\n<meta property=\"og:image\" content=\"https:\/\/donckers.be\/wp-content\/uploads\/2025\/03\/logo-donckers-donkere-achtergrond.png\" \/>\n\t<meta property=\"og:image:width\" content=\"640\" \/>\n\t<meta property=\"og:image:height\" content=\"128\" \/>\n\t<meta property=\"og:image:type\" content=\"image\/png\" \/>\n<meta name=\"twitter:card\" content=\"summary_large_image\" \/>\n<meta name=\"twitter:label1\" content=\"Dur\u00e9e de lecture est.\" \/>\n\t<meta name=\"twitter:data1\" content=\"5 minutes\" \/>\n<script type=\"application\/ld+json\" class=\"yoast-schema-graph\">{\"@context\":\"https:\/\/schema.org\",\"@graph\":[{\"@type\":\"WebPage\",\"@id\":\"https:\/\/donckers.be\/fr\/mention-legale\/\",\"url\":\"https:\/\/donckers.be\/fr\/mention-legale\/\",\"name\":\"Mention l\u00e9gale - Donckers\",\"isPartOf\":{\"@id\":\"https:\/\/donckers.be\/fr\/#website\"},\"datePublished\":\"2025-03-27T07:08:36+00:00\",\"dateModified\":\"2025-05-07T05:11:56+00:00\",\"breadcrumb\":{\"@id\":\"https:\/\/donckers.be\/fr\/mention-legale\/#breadcrumb\"},\"inLanguage\":\"fr-BE\",\"potentialAction\":[{\"@type\":\"ReadAction\",\"target\":[\"https:\/\/donckers.be\/fr\/mention-legale\/\"]}]},{\"@type\":\"BreadcrumbList\",\"@id\":\"https:\/\/donckers.be\/fr\/mention-legale\/#breadcrumb\",\"itemListElement\":[{\"@type\":\"ListItem\",\"position\":1,\"name\":\"Home\",\"item\":\"https:\/\/donckers.be\/fr\/\"},{\"@type\":\"ListItem\",\"position\":2,\"name\":\"Mention l\u00e9gale\"}]},{\"@type\":\"WebSite\",\"@id\":\"https:\/\/donckers.be\/fr\/#website\",\"url\":\"https:\/\/donckers.be\/fr\/\",\"name\":\"Donckers\",\"description\":\"\",\"publisher\":{\"@id\":\"https:\/\/donckers.be\/fr\/#organization\"},\"alternateName\":\"Bandencentrale Donckers\",\"potentialAction\":[{\"@type\":\"SearchAction\",\"target\":{\"@type\":\"EntryPoint\",\"urlTemplate\":\"https:\/\/donckers.be\/fr\/?s={search_term_string}\"},\"query-input\":{\"@type\":\"PropertyValueSpecification\",\"valueRequired\":true,\"valueName\":\"search_term_string\"}}],\"inLanguage\":\"fr-BE\"},{\"@type\":\"Organization\",\"@id\":\"https:\/\/donckers.be\/fr\/#organization\",\"name\":\"Donckers\",\"url\":\"https:\/\/donckers.be\/fr\/\",\"logo\":{\"@type\":\"ImageObject\",\"inLanguage\":\"fr-BE\",\"@id\":\"https:\/\/donckers.be\/fr\/#\/schema\/logo\/image\/\",\"url\":\"https:\/\/donckers.be\/wp-content\/uploads\/2025\/02\/Donckers-logo.png\",\"contentUrl\":\"https:\/\/donckers.be\/wp-content\/uploads\/2025\/02\/Donckers-logo.png\",\"width\":474,\"height\":138,\"caption\":\"Donckers\"},\"image\":{\"@id\":\"https:\/\/donckers.be\/fr\/#\/schema\/logo\/image\/\"},\"sameAs\":[\"https:\/\/www.facebook.com\/donckers.be\/\",\"https:\/\/www.instagram.com\/donckersnv\/\",\"https:\/\/be.linkedin.com\/company\/autobanden-donckers\"]}]}<\/script>\n<!-- \/ Yoast SEO plugin. -->","yoast_head_json":{"title":"Mention l\u00e9gale - Donckers","robots":{"index":"index","follow":"follow","max-snippet":"max-snippet:-1","max-image-preview":"max-image-preview:large","max-video-preview":"max-video-preview:-1"},"canonical":"https:\/\/donckers.be\/fr\/mention-legale\/","og_locale":"fr_FR","og_type":"article","og_title":"Mention l\u00e9gale - Donckers","og_description":"Mention l\u00e9gale \u2013 Responsabilit\u00e9 L&rsquo;intention de Donckers N.V. est que les informations fournies sur ce site web soient actuelles et exactes. N\u00e9anmoins, ces informations, que Donckers N.V. met gratuitement \u00e0 votre disposition, peuvent, malgr\u00e9 tous les efforts, contenir des fautes de frappe, des erreurs techniques ou autres. Les informations peuvent \u00e9galement contenir des donn\u00e9es qui [&hellip;]","og_url":"https:\/\/donckers.be\/fr\/mention-legale\/","og_site_name":"Donckers","article_publisher":"https:\/\/www.facebook.com\/donckers.be\/","article_modified_time":"2025-05-07T05:11:56+00:00","og_image":[{"width":640,"height":128,"url":"https:\/\/donckers.be\/wp-content\/uploads\/2025\/03\/logo-donckers-donkere-achtergrond.png","type":"image\/png"}],"twitter_card":"summary_large_image","twitter_misc":{"Dur\u00e9e de lecture est.":"5 minutes"},"schema":{"@context":"https:\/\/schema.org","@graph":[{"@type":"WebPage","@id":"https:\/\/donckers.be\/fr\/mention-legale\/","url":"https:\/\/donckers.be\/fr\/mention-legale\/","name":"Mention l\u00e9gale - Donckers","isPartOf":{"@id":"https:\/\/donckers.be\/fr\/#website"},"datePublished":"2025-03-27T07:08:36+00:00","dateModified":"2025-05-07T05:11:56+00:00","breadcrumb":{"@id":"https:\/\/donckers.be\/fr\/mention-legale\/#breadcrumb"},"inLanguage":"fr-BE","potentialAction":[{"@type":"ReadAction","target":["https:\/\/donckers.be\/fr\/mention-legale\/"]}]},{"@type":"BreadcrumbList","@id":"https:\/\/donckers.be\/fr\/mention-legale\/#breadcrumb","itemListElement":[{"@type":"ListItem","position":1,"name":"Home","item":"https:\/\/donckers.be\/fr\/"},{"@type":"ListItem","position":2,"name":"Mention l\u00e9gale"}]},{"@type":"WebSite","@id":"https:\/\/donckers.be\/fr\/#website","url":"https:\/\/donckers.be\/fr\/","name":"Donckers","description":"","publisher":{"@id":"https:\/\/donckers.be\/fr\/#organization"},"alternateName":"Bandencentrale Donckers","potentialAction":[{"@type":"SearchAction","target":{"@type":"EntryPoint","urlTemplate":"https:\/\/donckers.be\/fr\/?s={search_term_string}"},"query-input":{"@type":"PropertyValueSpecification","valueRequired":true,"valueName":"search_term_string"}}],"inLanguage":"fr-BE"},{"@type":"Organization","@id":"https:\/\/donckers.be\/fr\/#organization","name":"Donckers","url":"https:\/\/donckers.be\/fr\/","logo":{"@type":"ImageObject","inLanguage":"fr-BE","@id":"https:\/\/donckers.be\/fr\/#\/schema\/logo\/image\/","url":"https:\/\/donckers.be\/wp-content\/uploads\/2025\/02\/Donckers-logo.png","contentUrl":"https:\/\/donckers.be\/wp-content\/uploads\/2025\/02\/Donckers-logo.png","width":474,"height":138,"caption":"Donckers"},"image":{"@id":"https:\/\/donckers.be\/fr\/#\/schema\/logo\/image\/"},"sameAs":["https:\/\/www.facebook.com\/donckers.be\/","https:\/\/www.instagram.com\/donckersnv\/","https:\/\/be.linkedin.com\/company\/autobanden-donckers"]}]}},"_links":{"self":[{"href":"https:\/\/donckers.be\/fr\/wp-json\/wp\/v2\/pages\/3214","targetHints":{"allow":["GET"]}}],"collection":[{"href":"https:\/\/donckers.be\/fr\/wp-json\/wp\/v2\/pages"}],"about":[{"href":"https:\/\/donckers.be\/fr\/wp-json\/wp\/v2\/types\/page"}],"author":[{"embeddable":true,"href":"https:\/\/donckers.be\/fr\/wp-json\/wp\/v2\/users\/1"}],"replies":[{"embeddable":true,"href":"https:\/\/donckers.be\/fr\/wp-json\/wp\/v2\/comments?post=3214"}],"version-history":[{"count":1,"href":"https:\/\/donckers.be\/fr\/wp-json\/wp\/v2\/pages\/3214\/revisions"}],"predecessor-version":[{"id":3215,"href":"https:\/\/donckers.be\/fr\/wp-json\/wp\/v2\/pages\/3214\/revisions\/3215"}],"wp:attachment":[{"href":"https:\/\/donckers.be\/fr\/wp-json\/wp\/v2\/media?parent=3214"}],"curies":[{"name":"wp","href":"https:\/\/api.w.org\/{rel}","templated":true}]}}